{"id":12991,"date":"2024-07-10T17:30:49","date_gmt":"2024-07-10T17:30:49","guid":{"rendered":"https:\/\/rexlansl.com\/serveis"},"modified":"2024-12-23T11:44:28","modified_gmt":"2024-12-23T11:44:28","slug":"serveis","status":"publish","type":"page","link":"https:\/\/rexlansl.com\/ca\/serveis","title":{"rendered":"Serveis"},"content":{"rendered":"\t\t<div data-elementor-type=\"wp-page\" data-elementor-id=\"12991\" class=\"elementor elementor-12991 elementor-10812\">\n\t\t\t\t<div class=\"elementor-element elementor-element-e680c03 e-con-full e-flex parallax_section_no qode_elementor_container_no e-con e-parent\" data-id=\"e680c03\" data-element_type=\"container\">\n\t\t\t\t<div class=\"elementor-element elementor-element-37e2f12 elementor-widget elementor-widget-qi_addons_for_elementor_interactive_link_showcase\" data-id=\"37e2f12\" data-element_type=\"widget\" data-widget_type=\"qi_addons_for_elementor_interactive_link_showcase.default\">\n\t\t\t\t<div class=\"elementor-widget-container\">\n\t\t\t<div class=\"qodef-shortcode qodef-m  qodef-qi-interactive-link-showcase qodef-layout--split qodef--full-height qodef-hover--underline\">\n\t<div class=\"qodef-m-items\">\n\t\t<a itemprop=\"url\" class=\"qodef-m-item qodef-e\" href=\"https:\/\/rexlansl.com\/servicios\/impresion-digital\" target=\"_self\">\n\t<span class=\"qodef-e-title\"><span class=\"qodef-e-inner-title\">Impressi\u00f3 digital<\/span><\/span>\n\t<\/a>\n<a itemprop=\"url\" class=\"qodef-m-item qodef-e\" href=\"https:\/\/rexlansl.com\/servicios\/rotulos\" target=\"_self\">\n\t<span class=\"qodef-e-title\"><span class=\"qodef-e-inner-title\">R\u00e8tols<\/span><\/span>\n\t<\/a>\n<a itemprop=\"url\" class=\"qodef-m-item qodef-e\" href=\"https:\/\/rexlansl.com\/servicios\/vinilos\" target=\"_self\">\n\t<span class=\"qodef-e-title\"><span class=\"qodef-e-inner-title\">Vinils<\/span><\/span>\n\t<\/a>\n<a itemprop=\"url\" class=\"qodef-m-item qodef-e\" href=\"https:\/\/rexlansl.com\/servicios\/senaletica\" target=\"_self\">\n\t<span class=\"qodef-e-title\"><span class=\"qodef-e-inner-title\">Senyal\u00e8tica<\/span><\/span>\n\t<\/a>\n<a itemprop=\"url\" class=\"qodef-m-item qodef-e\" href=\"https:\/\/rexlansl.com\/servicios\/paneles-retroiluminados\" target=\"_self\">\n\t<span class=\"qodef-e-title\"><span class=\"qodef-e-inner-title\">Panells retroil\u00b7luminats<\/span><\/span>\n\t<\/a>\n<a itemprop=\"url\" class=\"qodef-m-item qodef-e\" href=\"https:\/\/rexlansl.com\/servicios\/soluciones-acusticas\" target=\"_self\">\n\t<span class=\"qodef-e-title\"><span class=\"qodef-e-inner-title\">Solucions ac\u00fastiques<\/span><\/span>\n\t<\/a>\n<a itemprop=\"url\" class=\"qodef-m-item qodef-e\" href=\"https:\/\/rexlansl.com\/servicios\/pavimentos\" target=\"_self\">\n\t<span class=\"qodef-e-title\"><span class=\"qodef-e-inner-title\">Paviments<\/span><\/span>\n\t<\/a>\n<a itemprop=\"url\" class=\"qodef-m-item qodef-e\" href=\"https:\/\/rexlansl.com\/servicios\/toldos-y-cortinas\" target=\"_self\">\n\t<span class=\"qodef-e-title\"><span class=\"qodef-e-inner-title\">Cortines i tendals<\/span><\/span>\n\t<\/a>\n<a itemprop=\"url\" class=\"qodef-m-item qodef-e\" href=\"https:\/\/rexlansl.com\/servicios\/paneles-de-proteccion-solar\" target=\"_self\">\n\t<span class=\"qodef-e-title\"><span class=\"qodef-e-inner-title\">L\u00e0mines de protecci\u00f3 solar<\/span><\/span>\n\t<\/a>\n<a itemprop=\"url\" class=\"qodef-m-item qodef-e\" href=\"https:\/\/rexlansl.com\/servicios\/elementos-singulares\" target=\"_self\">\n\t<span class=\"qodef-e-title\"><span class=\"qodef-e-inner-title\">Elements singulars<\/span><\/span>\n\t<\/a>\n\t<\/div>\n\t<div class=\"qodef-m-images\">\n\t\t<div class=\"qodef-e-image \">\n\t<img fetchpriority=\"high\" decoding=\"async\" width=\"1000\" height=\"1000\" src=\"https:\/\/rexlansl.com\/wp-content\/uploads\/2024\/09\/1.1-1.jpg\" class=\"attachment-full size-full\" alt=\"\" srcset=\"https:\/\/rexlansl.com\/wp-content\/uploads\/2024\/09\/1.1-1.jpg 1000w, https:\/\/rexlansl.com\/wp-content\/uploads\/2024\/09\/1.1-1-300x300.jpg 300w, https:\/\/rexlansl.com\/wp-content\/uploads\/2024\/09\/1.1-1-150x150.jpg 150w, https:\/\/rexlansl.com\/wp-content\/uploads\/2024\/09\/1.1-1-768x768.jpg 768w, https:\/\/rexlansl.com\/wp-content\/uploads\/2024\/09\/1.1-1-570x570.jpg 570w, https:\/\/rexlansl.com\/wp-content\/uploads\/2024\/09\/1.1-1-500x500.jpg 500w, https:\/\/rexlansl.com\/wp-content\/uploads\/2024\/09\/1.1-1-700x700.jpg 700w, https:\/\/rexlansl.com\/wp-content\/uploads\/2024\/09\/1.1-1-650x650.jpg 650w\" sizes=\"(max-width: 1000px) 100vw, 1000px\" \/><\/div>\n<div class=\"qodef-e-image \">\n\t<img decoding=\"async\" width=\"1000\" height=\"1000\" src=\"https:\/\/rexlansl.com\/wp-content\/uploads\/2024\/09\/2.1.jpg\" class=\"attachment-full size-full\" alt=\"\" srcset=\"https:\/\/rexlansl.com\/wp-content\/uploads\/2024\/09\/2.1.jpg 1000w, https:\/\/rexlansl.com\/wp-content\/uploads\/2024\/09\/2.1-300x300.jpg 300w, https:\/\/rexlansl.com\/wp-content\/uploads\/2024\/09\/2.1-150x150.jpg 150w, https:\/\/rexlansl.com\/wp-content\/uploads\/2024\/09\/2.1-768x768.jpg 768w, https:\/\/rexlansl.com\/wp-content\/uploads\/2024\/09\/2.1-570x570.jpg 570w, https:\/\/rexlansl.com\/wp-content\/uploads\/2024\/09\/2.1-500x500.jpg 500w, https:\/\/rexlansl.com\/wp-content\/uploads\/2024\/09\/2.1-700x700.jpg 700w, https:\/\/rexlansl.com\/wp-content\/uploads\/2024\/09\/2.1-650x650.jpg 650w\" sizes=\"(max-width: 1000px) 100vw, 1000px\" \/><\/div>\n<div class=\"qodef-e-image \">\n\t<img decoding=\"async\" width=\"1000\" height=\"1000\" src=\"https:\/\/rexlansl.com\/wp-content\/uploads\/2024\/09\/3.1-2.jpg\" class=\"attachment-full size-full\" alt=\"\" srcset=\"https:\/\/rexlansl.com\/wp-content\/uploads\/2024\/09\/3.1-2.jpg 1000w, https:\/\/rexlansl.com\/wp-content\/uploads\/2024\/09\/3.1-2-300x300.jpg 300w, https:\/\/rexlansl.com\/wp-content\/uploads\/2024\/09\/3.1-2-150x150.jpg 150w, https:\/\/rexlansl.com\/wp-content\/uploads\/2024\/09\/3.1-2-768x768.jpg 768w, https:\/\/rexlansl.com\/wp-content\/uploads\/2024\/09\/3.1-2-570x570.jpg 570w, https:\/\/rexlansl.com\/wp-content\/uploads\/2024\/09\/3.1-2-500x500.jpg 500w, https:\/\/rexlansl.com\/wp-content\/uploads\/2024\/09\/3.1-2-700x700.jpg 700w, https:\/\/rexlansl.com\/wp-content\/uploads\/2024\/09\/3.1-2-650x650.jpg 650w\" sizes=\"(max-width: 1000px) 100vw, 1000px\" \/><\/div>\n<div class=\"qodef-e-image \">\n\t<img loading=\"lazy\" decoding=\"async\" width=\"1000\" height=\"1000\" src=\"https:\/\/rexlansl.com\/wp-content\/uploads\/2024\/09\/4.1.jpg\" class=\"attachment-full size-full\" alt=\"\" srcset=\"https:\/\/rexlansl.com\/wp-content\/uploads\/2024\/09\/4.1.jpg 1000w, https:\/\/rexlansl.com\/wp-content\/uploads\/2024\/09\/4.1-300x300.jpg 300w, https:\/\/rexlansl.com\/wp-content\/uploads\/2024\/09\/4.1-150x150.jpg 150w, https:\/\/rexlansl.com\/wp-content\/uploads\/2024\/09\/4.1-768x768.jpg 768w, https:\/\/rexlansl.com\/wp-content\/uploads\/2024\/09\/4.1-570x570.jpg 570w, https:\/\/rexlansl.com\/wp-content\/uploads\/2024\/09\/4.1-500x500.jpg 500w, https:\/\/rexlansl.com\/wp-content\/uploads\/2024\/09\/4.1-700x700.jpg 700w, https:\/\/rexlansl.com\/wp-content\/uploads\/2024\/09\/4.1-650x650.jpg 650w\" sizes=\"(max-width: 1000px) 100vw, 1000px\" \/><\/div>\n<div class=\"qodef-e-image \">\n\t<img loading=\"lazy\" decoding=\"async\" width=\"1000\" height=\"1000\" src=\"https:\/\/rexlansl.com\/wp-content\/uploads\/2024\/09\/5.1.jpg\" class=\"attachment-full size-full\" alt=\"\" srcset=\"https:\/\/rexlansl.com\/wp-content\/uploads\/2024\/09\/5.1.jpg 1000w, https:\/\/rexlansl.com\/wp-content\/uploads\/2024\/09\/5.1-300x300.jpg 300w, https:\/\/rexlansl.com\/wp-content\/uploads\/2024\/09\/5.1-150x150.jpg 150w, https:\/\/rexlansl.com\/wp-content\/uploads\/2024\/09\/5.1-768x768.jpg 768w, https:\/\/rexlansl.com\/wp-content\/uploads\/2024\/09\/5.1-570x570.jpg 570w, https:\/\/rexlansl.com\/wp-content\/uploads\/2024\/09\/5.1-500x500.jpg 500w, https:\/\/rexlansl.com\/wp-content\/uploads\/2024\/09\/5.1-700x700.jpg 700w, https:\/\/rexlansl.com\/wp-content\/uploads\/2024\/09\/5.1-650x650.jpg 650w\" sizes=\"(max-width: 1000px) 100vw, 1000px\" \/><\/div>\n<div class=\"qodef-e-image \">\n\t<img loading=\"lazy\" decoding=\"async\" width=\"1000\" height=\"1000\" src=\"https:\/\/rexlansl.com\/wp-content\/uploads\/2024\/09\/6.1-1.jpg\" class=\"attachment-full size-full\" alt=\"\" srcset=\"https:\/\/rexlansl.com\/wp-content\/uploads\/2024\/09\/6.1-1.jpg 1000w, https:\/\/rexlansl.com\/wp-content\/uploads\/2024\/09\/6.1-1-300x300.jpg 300w, https:\/\/rexlansl.com\/wp-content\/uploads\/2024\/09\/6.1-1-150x150.jpg 150w, https:\/\/rexlansl.com\/wp-content\/uploads\/2024\/09\/6.1-1-768x768.jpg 768w, https:\/\/rexlansl.com\/wp-content\/uploads\/2024\/09\/6.1-1-570x570.jpg 570w, https:\/\/rexlansl.com\/wp-content\/uploads\/2024\/09\/6.1-1-500x500.jpg 500w, https:\/\/rexlansl.com\/wp-content\/uploads\/2024\/09\/6.1-1-700x700.jpg 700w, https:\/\/rexlansl.com\/wp-content\/uploads\/2024\/09\/6.1-1-650x650.jpg 650w\" sizes=\"(max-width: 1000px) 100vw, 1000px\" \/><\/div>\n<div class=\"qodef-e-image \">\n\t<img loading=\"lazy\" decoding=\"async\" width=\"1000\" height=\"1000\" src=\"https:\/\/rexlansl.com\/wp-content\/uploads\/2024\/09\/7.1-2.jpg\" class=\"attachment-full size-full\" alt=\"\" srcset=\"https:\/\/rexlansl.com\/wp-content\/uploads\/2024\/09\/7.1-2.jpg 1000w, https:\/\/rexlansl.com\/wp-content\/uploads\/2024\/09\/7.1-2-300x300.jpg 300w, https:\/\/rexlansl.com\/wp-content\/uploads\/2024\/09\/7.1-2-150x150.jpg 150w, https:\/\/rexlansl.com\/wp-content\/uploads\/2024\/09\/7.1-2-768x768.jpg 768w, https:\/\/rexlansl.com\/wp-content\/uploads\/2024\/09\/7.1-2-570x570.jpg 570w, https:\/\/rexlansl.com\/wp-content\/uploads\/2024\/09\/7.1-2-500x500.jpg 500w, https:\/\/rexlansl.com\/wp-content\/uploads\/2024\/09\/7.1-2-700x700.jpg 700w, https:\/\/rexlansl.com\/wp-content\/uploads\/2024\/09\/7.1-2-650x650.jpg 650w\" sizes=\"(max-width: 1000px) 100vw, 1000px\" \/><\/div>\n<div class=\"qodef-e-image \">\n\t<img loading=\"lazy\" decoding=\"async\" width=\"1000\" height=\"1000\" src=\"https:\/\/rexlansl.com\/wp-content\/uploads\/2024\/09\/cortinas.jpg\" class=\"attachment-full size-full\" alt=\"\" srcset=\"https:\/\/rexlansl.com\/wp-content\/uploads\/2024\/09\/cortinas.jpg 1000w, https:\/\/rexlansl.com\/wp-content\/uploads\/2024\/09\/cortinas-300x300.jpg 300w, https:\/\/rexlansl.com\/wp-content\/uploads\/2024\/09\/cortinas-150x150.jpg 150w, https:\/\/rexlansl.com\/wp-content\/uploads\/2024\/09\/cortinas-768x768.jpg 768w, https:\/\/rexlansl.com\/wp-content\/uploads\/2024\/09\/cortinas-570x570.jpg 570w, https:\/\/rexlansl.com\/wp-content\/uploads\/2024\/09\/cortinas-500x500.jpg 500w, https:\/\/rexlansl.com\/wp-content\/uploads\/2024\/09\/cortinas-700x700.jpg 700w, https:\/\/rexlansl.com\/wp-content\/uploads\/2024\/09\/cortinas-650x650.jpg 650w\" sizes=\"(max-width: 1000px) 100vw, 1000px\" \/><\/div>\n<div class=\"qodef-e-image \">\n\t<img loading=\"lazy\" decoding=\"async\" width=\"1000\" height=\"1000\" src=\"https:\/\/rexlansl.com\/wp-content\/uploads\/2024\/09\/9.1.jpg\" class=\"attachment-full size-full\" alt=\"\" srcset=\"https:\/\/rexlansl.com\/wp-content\/uploads\/2024\/09\/9.1.jpg 1000w, https:\/\/rexlansl.com\/wp-content\/uploads\/2024\/09\/9.1-300x300.jpg 300w, https:\/\/rexlansl.com\/wp-content\/uploads\/2024\/09\/9.1-150x150.jpg 150w, https:\/\/rexlansl.com\/wp-content\/uploads\/2024\/09\/9.1-768x768.jpg 768w, https:\/\/rexlansl.com\/wp-content\/uploads\/2024\/09\/9.1-570x570.jpg 570w, https:\/\/rexlansl.com\/wp-content\/uploads\/2024\/09\/9.1-500x500.jpg 500w, https:\/\/rexlansl.com\/wp-content\/uploads\/2024\/09\/9.1-700x700.jpg 700w, https:\/\/rexlansl.com\/wp-content\/uploads\/2024\/09\/9.1-650x650.jpg 650w\" sizes=\"(max-width: 1000px) 100vw, 1000px\" \/><\/div>\n<div class=\"qodef-e-image \">\n\t<img loading=\"lazy\" decoding=\"async\" width=\"1000\" height=\"1000\" src=\"https:\/\/rexlansl.com\/wp-content\/uploads\/2024\/09\/10.1.jpg\" class=\"attachment-full size-full\" alt=\"\" srcset=\"https:\/\/rexlansl.com\/wp-content\/uploads\/2024\/09\/10.1.jpg 1000w, https:\/\/rexlansl.com\/wp-content\/uploads\/2024\/09\/10.1-300x300.jpg 300w, https:\/\/rexlansl.com\/wp-content\/uploads\/2024\/09\/10.1-150x150.jpg 150w, https:\/\/rexlansl.com\/wp-content\/uploads\/2024\/09\/10.1-768x768.jpg 768w, https:\/\/rexlansl.com\/wp-content\/uploads\/2024\/09\/10.1-570x570.jpg 570w, https:\/\/rexlansl.com\/wp-content\/uploads\/2024\/09\/10.1-500x500.jpg 500w, https:\/\/rexlansl.com\/wp-content\/uploads\/2024\/09\/10.1-700x700.jpg 700w, https:\/\/rexlansl.com\/wp-content\/uploads\/2024\/09\/10.1-650x650.jpg 650w\" sizes=\"(max-width: 1000px) 100vw, 1000px\" \/><\/div>\n\t<\/div>\n<\/div>\n\t\t<\/div>\n\t\t\t\t<\/div>\n\t\t\t\t<\/div>\n\t\t\t\t<\/div>\n\t\t","protected":false},"excerpt":{"rendered":"<p>Impressi\u00f3 digital R\u00e8tols Vinils Senyal\u00e8tica Panells retroil\u00b7luminats Solucions ac\u00fastiques Paviments Cortines i tendals L\u00e0mines de protecci\u00f3 solar Elements singulars<\/p>\n","protected":false},"author":1,"featured_media":0,"parent":0,"menu_order":0,"comment_status":"closed","ping_status":"closed","template":"qi-blocks-full-width.php","meta":{"footnotes":""},"class_list":["post-12991","page","type-page","status-publish","hentry"],"_links":{"self":[{"href":"https:\/\/rexlansl.com\/ca\/wp-json\/wp\/v2\/pages\/12991","targetHints":{"allow":["GET"]}}],"collection":[{"href":"https:\/\/rexlansl.com\/ca\/wp-json\/wp\/v2\/pages"}],"about":[{"href":"https:\/\/rexlansl.com\/ca\/wp-json\/wp\/v2\/types\/page"}],"author":[{"embeddable":true,"href":"https:\/\/rexlansl.com\/ca\/wp-json\/wp\/v2\/users\/1"}],"replies":[{"embeddable":true,"href":"https:\/\/rexlansl.com\/ca\/wp-json\/wp\/v2\/comments?post=12991"}],"version-history":[{"count":1,"href":"https:\/\/rexlansl.com\/ca\/wp-json\/wp\/v2\/pages\/12991\/revisions"}],"predecessor-version":[{"id":12994,"href":"https:\/\/rexlansl.com\/ca\/wp-json\/wp\/v2\/pages\/12991\/revisions\/12994"}],"wp:attachment":[{"href":"https:\/\/rexlansl.com\/ca\/wp-json\/wp\/v2\/media?parent=12991"}],"curies":[{"name":"wp","href":"https:\/\/api.w.org\/{rel}","templated":true}]}}